{"id":351,"date":"2023-03-23T13:20:57","date_gmt":"2023-03-23T13:20:57","guid":{"rendered":"https:\/\/temp.praxis-peter-weber.ch\/?page_id=351"},"modified":"2023-04-03T15:54:27","modified_gmt":"2023-04-03T15:54:27","slug":"kontakt","status":"publish","type":"page","link":"https:\/\/temp.praxis-peter-weber.ch\/?page_id=351","title":{"rendered":"Kontakt"},"content":{"rendered":"\n<p><strong>In meiner Praxis erwarten Sie grosse, modern eingerichtete und freundliche R\u00e4ume. Es ist mir wichtig, dass Sie sich bei mir nicht nur wohlf\u00fchlen, sondern sich auch in einem Ambiente wiederfinden, das Ihnen gut tut. Ich freue mich auf Ihre Kontaktaufnahme und auf den Weg, den wir zusammen gehen k\u00f6nnen.<\/strong><\/p>\n\n\n\n<figure class=\"wp-block-table\"><table class=\"has-fixed-layout\"><tbody><tr><td class=\"has-text-align-left\" data-align=\"left\"><strong>Peter Weber<\/strong><br>Naturheilpraktiker mit eidg. Diplom in Hom\u00f6opathie<br><br>Praxis Peter Weber<br>Naturheilpraktik<br>Bahnhofstrasse 7<br>8488 Turbenthal<br>SCHWEIZ<br><br>Telefon&nbsp; +41 52 385 51 63<br>E-Mail&nbsp;&nbsp;&nbsp;&nbsp; <a href=\"mailto:info@praxis-peter-weber.ch\">info@praxis-peter-weber.ch<\/a><br><br>f\u00fcr gesicherten Datenaustausch<br>E-Mail&nbsp;&nbsp;&nbsp;&nbsp; <a href=\"mailto:peter.weber@hin.ch\">peter.weber@hin.ch<\/a><br><br><a href=\"http:\/\/www.praxis-peter-weber.ch\">www.praxis-peter-weber.ch<\/a><br><a href=\"http:\/\/www.facebook.com\/PraxisPeterWeber\">www.facebook.com\/PraxisPeterWeber<\/a><\/td><td><strong>Parkpl\u00e4tze<\/strong><br>Parkpl\u00e4tze finden Sie hinter dem Geb\u00e4ude, zwischen dem STICKI Praxishaus und der Migros. Die Pl\u00e4tze <strong>Praxis 1 bis 4 [Gemeinschaftspraxis 1. Stock]<\/strong> sind f\u00fcr Sie reserviert.<\/td><\/tr><\/tbody><\/table><\/figure>\n\n\n\n<div style=\"height:50px\" aria-hidden=\"true\" class=\"wp-block-spacer\"><\/div>\n","protected":false},"excerpt":{"rendered":"<p>In meiner Praxis erwarten Sie grosse, modern eingerichtete und freundliche R\u00e4ume. Es ist mir wichtig, dass Sie sich bei mir nicht nur wohlf\u00fchlen, sondern sich auch in einem Ambiente wiederfinden, das Ihnen gut tut. Ich freue mich auf Ihre Kontaktaufnahme und auf den Weg, den wir zusammen gehen k\u00f6nnen. Peter WeberNaturheilpraktiker mit eidg. Diplom in <a class=\"read-more\" href=\"https:\/\/temp.praxis-peter-weber.ch\/?page_id=351\">READ MORE<\/a><\/p>\n","protected":false},"author":1,"featured_media":0,"parent":0,"menu_order":0,"comment_status":"closed","ping_status":"closed","template":"template-gutenberg.php","meta":{"pgc_sgb_lightbox_settings":"","footnotes":""},"class_list":["post-351","page","type-page","status-publish","hentry"],"_links":{"self":[{"href":"https:\/\/temp.praxis-peter-weber.ch\/index.php?rest_route=\/wp\/v2\/pages\/351","targetHints":{"allow":["GET"]}}],"collection":[{"href":"https:\/\/temp.praxis-peter-weber.ch\/index.php?rest_route=\/wp\/v2\/pages"}],"about":[{"href":"https:\/\/temp.praxis-peter-weber.ch\/index.php?rest_route=\/wp\/v2\/types\/page"}],"author":[{"embeddable":true,"href":"https:\/\/temp.praxis-peter-weber.ch\/index.php?rest_route=\/wp\/v2\/users\/1"}],"replies":[{"embeddable":true,"href":"https:\/\/temp.praxis-peter-weber.ch\/index.php?rest_route=%2Fwp%2Fv2%2Fcomments&post=351"}],"version-history":[{"count":7,"href":"https:\/\/temp.praxis-peter-weber.ch\/index.php?rest_route=\/wp\/v2\/pages\/351\/revisions"}],"predecessor-version":[{"id":558,"href":"https:\/\/temp.praxis-peter-weber.ch\/index.php?rest_route=\/wp\/v2\/pages\/351\/revisions\/558"}],"wp:attachment":[{"href":"https:\/\/temp.praxis-peter-weber.ch\/index.php?rest_route=%2Fwp%2Fv2%2Fmedia&parent=351"}],"curies":[{"name":"wp","href":"https:\/\/api.w.org\/{rel}","templated":true}]}}