{"id":224,"date":"2023-03-23T08:17:54","date_gmt":"2023-03-23T08:17:54","guid":{"rendered":"https:\/\/temp.praxis-peter-weber.ch\/?page_id=224"},"modified":"2023-04-01T05:13:52","modified_gmt":"2023-04-01T05:13:52","slug":"kostenabrechnung","status":"publish","type":"page","link":"https:\/\/temp.praxis-peter-weber.ch\/?page_id=224","title":{"rendered":"Kosten"},"content":{"rendered":"\n<h5 class=\"wp-block-heading\">Kosten f\u00fcr meine Leistungen<\/h5>\n\n\n\n<figure class=\"wp-block-table is-style-regular\"><table><tbody><tr><td>Beratungsleistungen<\/td><td><strong>CHF 150.-\/h <\/strong>f\u00fcr Therapiesitzung, Fallbearbeitung, telefonische und schriftliche Beratung &#8211; <strong>Krankenkassenanerkannt<\/strong> [siehe unten]<\/td><\/tr><tr><td>Therapiezeiten<\/td><td><strong>Montag bis Freitag 9.00 bis 12.00 und 13.30 \u2013 18.00 Uhr<\/strong><\/td><\/tr><tr><td>Abrechnung<\/td><td>Die Abrechnung erfolgt nach Tarif 590. <br>Die Rechnungen sind innerhalb von 30 Tagen nach Rechnungsdatum zu begleichen. <br>Bei Erfolglosigkeit der Therapie besteht kein Anspruch auf R\u00fcckverg\u00fctung, Stornierung, Rabatt oder \u00e4hnliches.<\/td><\/tr><\/tbody><\/table><\/figure>\n\n\n\n<div style=\"height:50px\" aria-hidden=\"true\" class=\"wp-block-spacer\"><\/div>\n\n\n\n<h5 class=\"wp-block-heading\">Krankenkassenanerkannt<\/h5>\n\n\n\n<p><strong>Die Frage nach der Kosten\u00fcbernahme der Krankenkasse meiner Behandlungskosten stellt sich immer wieder, weshalb ich sie an dieser Stelle ausf\u00fchrlich beraten m\u00f6chte. Grunds\u00e4tzlich sind meine Leistungen von den meisten Schweizer Krankenkassen \u00fcber die Zusatzversicherung der Alternativmedizin anerkannt, aber es gibt dennoch einige Fakten, die Sie im Zusammenhang mit Alternativmedizin kennen sollten.<\/strong><\/p>\n\n\n\n<p>In der Schweiz ist die Alternativmedizin weit verbreitet und immer mehr Menschen suchen nach alternativen Heilmethoden, um ihre Gesundheit zu erhalten oder wiederherzustellen. Viele dieser Methoden sind nicht durch die Schulmedizin anerkannt, aber dennoch vertrauen viele Menschen auf ihre Wirksamkeit.<\/p>\n\n\n\n<p>Die Anerkennung von alternativen Heilmethoden durch die Krankenkassen in der Schweiz ist ein komplexes Thema. Im Allgemeinen haben Krankenkassen das Recht, zu entscheiden, welche Leistungen sie anerkennen und welche nicht. Einige Krankenkassen erkennen bestimmte alternativmedizinische Verfahren an und \u00fcbernehmen die Kosten f\u00fcr diese Behandlungen, w\u00e4hrend andere dies nicht tun.<\/p>\n\n\n\n<p>F\u00fcr alternative Heilmethoden, die von den Krankenkassen anerkannt werden, gelten in der Regel strenge Anforderungen. Die Behandlung muss von einem qualifizierten alternativmedizinischen Fachperson durchgef\u00fchrt werden, die \u00fcber eine entsprechende Ausbildung und Zulassung verf\u00fcgt. In einigen F\u00e4llen m\u00fcssen die Behandlungen auch von einer \u00c4rztin oder einem Arzt verschrieben werden, um von der Krankenkasse \u00fcbernommen zu werden.<\/p>\n\n\n\n<p>Es ist wichtig zu beachten, dass die Anerkennung von alternativmedizinischen Verfahren durch die Krankenkassen in der Schweiz immer noch begrenzt ist. Viele Behandlungen werden nicht von den Krankenkassen \u00fcbernommen und m\u00fcssen daher vom Patienten selbst bezahlt werden. Es ist auch m\u00f6glich, dass eine Krankenkasse eine Behandlung, die sie normalerweise nicht anerkennt, ausnahmsweise \u00fcbernimmt, wenn der behandelnde Arzt dies aus medizinischen Gr\u00fcnden f\u00fcr notwendig h\u00e4lt.<\/p>\n\n\n\n<p>Im Weiteren ist es so, dass in der Regel die Leistungen, nicht aber allf\u00e4llige Kosten f\u00fcr Produkte \u00fcbernommen werden. Auch dies sollten Sie mit Ihrer Krankenkasse vor der ersten Behandlung kl\u00e4ren, damit Sie im Klaren sind, was Sie bez\u00fcglich Kostenabrechnung erwartet.<\/p>\n\n\n\n<p><strong><mark style=\"background-color:rgba(0, 0, 0, 0)\" class=\"has-inline-color has-vivid-red-color\">Ich empfehle Ihnen, sich vor einer alternativmedizinischen Behandlung ausf\u00fchrlich \u00fcber die Kostenbeteiligung durch ihre Krankenkasse zu informieren. So k\u00f6nnen Sie \u00dcberraschungen zu den eingereichten R\u00fcckforderungsantr\u00e4gen vermeiden.<\/mark><\/strong><\/p>\n\n\n\n<p>Damit Sie eine konkrete Auskunft \u00fcber die allf\u00e4llige Kosten\u00fcbernahme meiner Leistungen erhalten, geben Sie Ihrer Krankenkasse folgende Daten zu meiner Person und Praxis an:<\/p>\n\n\n\n<p><strong><mark style=\"background-color:rgba(0, 0, 0, 0)\" class=\"has-inline-color has-vivid-red-color\">Praxis Peter Weber Naturheilpraktik, 8488 Turbenthal, ZSR-Nummer: Z768462<\/mark><\/strong> &#8211; <strong><mark style=\"background-color:rgba(0, 0, 0, 0)\" class=\"has-inline-color has-vivid-red-color\">Naturheilpraktiker mit eidg. Diplom in Hom\u00f6opathie<\/mark><\/strong><\/p>\n\n\n\n<p>Bei folgenden Organisationen bin ich f\u00fcr die Anerkennung meiner Berufst\u00e4tigkeit registriert: <strong>ASCA, EMR, EGK und VISANA<\/strong><\/p>\n","protected":false},"excerpt":{"rendered":"<p>Kosten f\u00fcr meine Leistungen Beratungsleistungen CHF 150.-\/h f\u00fcr Therapiesitzung, Fallbearbeitung, telefonische und schriftliche Beratung &#8211; Krankenkassenanerkannt [siehe unten] Therapiezeiten Montag bis Freitag 9.00 bis 12.00 und 13.30 \u2013 18.00 Uhr Abrechnung Die Abrechnung erfolgt nach Tarif 590. Die Rechnungen sind innerhalb von 30 Tagen nach Rechnungsdatum zu begleichen. Bei Erfolglosigkeit der Therapie besteht kein Anspruch <a class=\"read-more\" href=\"https:\/\/temp.praxis-peter-weber.ch\/?page_id=224\">READ MORE<\/a><\/p>\n","protected":false},"author":1,"featured_media":0,"parent":0,"menu_order":0,"comment_status":"closed","ping_status":"closed","template":"template-gutenberg.php","meta":{"pgc_sgb_lightbox_settings":"","footnotes":""},"class_list":["post-224","page","type-page","status-publish","hentry"],"_links":{"self":[{"href":"https:\/\/temp.praxis-peter-weber.ch\/index.php?rest_route=\/wp\/v2\/pages\/224","targetHints":{"allow":["GET"]}}],"collection":[{"href":"https:\/\/temp.praxis-peter-weber.ch\/index.php?rest_route=\/wp\/v2\/pages"}],"about":[{"href":"https:\/\/temp.praxis-peter-weber.ch\/index.php?rest_route=\/wp\/v2\/types\/page"}],"author":[{"embeddable":true,"href":"https:\/\/temp.praxis-peter-weber.ch\/index.php?rest_route=\/wp\/v2\/users\/1"}],"replies":[{"embeddable":true,"href":"https:\/\/temp.praxis-peter-weber.ch\/index.php?rest_route=%2Fwp%2Fv2%2Fcomments&post=224"}],"version-history":[{"count":13,"href":"https:\/\/temp.praxis-peter-weber.ch\/index.php?rest_route=\/wp\/v2\/pages\/224\/revisions"}],"predecessor-version":[{"id":491,"href":"https:\/\/temp.praxis-peter-weber.ch\/index.php?rest_route=\/wp\/v2\/pages\/224\/revisions\/491"}],"wp:attachment":[{"href":"https:\/\/temp.praxis-peter-weber.ch\/index.php?rest_route=%2Fwp%2Fv2%2Fmedia&parent=224"}],"curies":[{"name":"wp","href":"https:\/\/api.w.org\/{rel}","templated":true}]}}