{"id":217,"date":"2023-03-23T08:11:26","date_gmt":"2023-03-23T08:11:26","guid":{"rendered":"https:\/\/temp.praxis-peter-weber.ch\/?page_id=217"},"modified":"2023-03-24T07:58:41","modified_gmt":"2023-03-24T07:58:41","slug":"ort-der-begegnung","status":"publish","type":"page","link":"https:\/\/temp.praxis-peter-weber.ch\/?page_id=217","title":{"rendered":"Ort der Begegnung"},"content":{"rendered":"\n<h5 class=\"wp-block-heading\">Gemeinschaftspraxis<\/h5>\n\n\n\n<p>Meine Gemeinschaftspraxis in einer alten Stickerei in Turbenthal ZH, ist ein Ort f\u00fcr eine Auszeit. Die hohen R\u00e4ume, die Farben und die Einrichtungen wirken beruhigend, das bekommen wir Therapierenden immer wieder zu h\u00f6ren. Sie als Patienten k\u00f6nnen sich ganz auf Ihre Therapie konzentrieren. <\/p>\n\n\n\n<div style=\"height:50px\" aria-hidden=\"true\" class=\"wp-block-spacer\"><\/div>\n\n\n\n<h5 class=\"wp-block-heading\">Rollenwahrnehmung und Werthaltung<\/h5>\n\n\n\n<p>In meiner Praxis begegne ich Ihrer Pers\u00f6nlichkeit, ohne Vorurteile und Wertung. Ich nutze jede Gelegenheit, meine Eindr\u00fccke und Sie pers\u00f6nlich wahrzunehmen. Mit meiner Kommunikation hole ich Sie dort ab, wo Sie im Moment stehen. Ich lasse Ihnen so viel Freiraum wie m\u00f6glich, so kann ich m\u00f6glichst viel von Ihnen erfahren. Ich stehe Ihnen mit meinem Wissen und meiner Lebenserfahrung zur Seite, um Sie eine Zeitlang auf Ihrem Lebensweg zu begleiten und zu unterst\u00fctzen, damit Sie Ihr Ziel m\u00f6glichst selbst\u00e4ndig erreichen. Ich pflege eine offene Kommunikation, die vertrauen schafft. Mein Anliegen ist es, aufzuzeigen, was ich wahrnehme, und ich gestalte die Gespr\u00e4che so, dass Sie durch meine Erkl\u00e4rungen selbst\u00e4ndig Erkenntnisse daraus ziehen k\u00f6nnen. Weiss ich etwas nicht, sage ich das offen und wir pr\u00fcfen gemeinsam, wie wir zu den n\u00f6tigen Informationen kommen.<\/p>\n\n\n\n<div style=\"height:50px\" aria-hidden=\"true\" class=\"wp-block-spacer\"><\/div>\n\n\n\n<h5 class=\"wp-block-heading\">Bed\u00fcrfnisse erkennen und respektieren<\/h5>\n\n\n\n<p>Ihre Entscheidungen respektiere ich, auch wenn ich pers\u00f6nlich andere Erwartungen habe. F\u00fcr mich ist Ihre Eigenverantwortung wichtig. Ich stelle Ihnen M\u00f6glichkeiten vor, um Ihre Ziele zu erreichen, die Verantwortung \u00fcber Ihr Handeln liegt ganz bei Ihnen.<\/p>\n\n\n\n<div style=\"height:50px\" aria-hidden=\"true\" class=\"wp-block-spacer\"><\/div>\n\n\n\n<h5 class=\"wp-block-heading\">Grenzen erkennen<\/h5>\n\n\n\n<p>Die Grenzen meiner M\u00f6glichkeiten beurteile ich laufend. Wenn ich sie erreiche, kommuniziere ich dies. Brauche ich oder Sie Unterst\u00fctzung ausserhalb meiner M\u00f6glichkeiten, kann ich auf ein breitgef\u00e4chertes Netzwerk verschiedenster Disziplinen zur\u00fcckgreifen.<\/p>\n\n\n\n<p>Damit ich Sie unterst\u00fctzend begleiten kann, bilde ich mich stets weiter in Form von Seminaren, Supervisionen oder durch Fachliteratur. Dazu geh\u00f6ren Bereiche wie Hom\u00f6opathie, Naturheilkunde, Orthomolekulare Medizin, Systemtherapie oder Gespr\u00e4chstherapie. Auch in diagnostischen Verfahren wie Anamnesetechnik, Augendiagnostik, Bioinformationstherapie, Psycho- und Pathophysiognomie oder Psychologischer Handanalyse bilde ich mich stehts weiter.<\/p>\n\n\n\n<p>Ich besuche Seminare, um meine pers\u00f6nliche Weiterentwicklung zu f\u00f6rdern. Die Abgrenzung zu den Geschichten meiner Patienten ist mir wichtig. Diese F\u00e4higkeit habe ich mir mit Lebenserfahrung und Pers\u00f6nlichkeitsentwicklung angeeignet. Gerade bei Patienten mit starken psychischen Belastungen oder im onkologischen oder palliativen Bereich ist Abgrenzung wichtig. Als Ausgleich zu meinem Berufsalltag geniesse ich gemeinsam mit meiner Frau Haus und Garten, pflege soziale Kontakte und geniesse die Natur. Zudem engagiere ich mich sozial nach meinen M\u00f6glichkeiten.<\/p>\n\n\n\n<div style=\"height:50px\" aria-hidden=\"true\" class=\"wp-block-spacer\"><\/div>\n\n\n\n<h5 class=\"wp-block-heading\">Individualit\u00e4t wahren<\/h5>\n\n\n\n<p>Das Spektrum meiner Patienten reicht von Pr\u00e4natal bis Postmortal<em> (Link auf Seite Lebensgeschichte)<\/em>. Das bedeutet, ob es um die Schwangerschaft geht oder Ihr Baby Unterst\u00fctzung braucht, wenn die ersten Lebenserfahrungen gesammelt werden oder wenn es ums Erwachsen werden geht. Wenn es um Schulthemen geht oder die Berufswahl ansteht. \u2026\u2026\u2026\u2026\u2026\u2026\u2026..<\/p>\n","protected":false},"excerpt":{"rendered":"<p>Gemeinschaftspraxis Meine Gemeinschaftspraxis in einer alten Stickerei in Turbenthal ZH, ist ein Ort f\u00fcr eine Auszeit. Die hohen R\u00e4ume, die Farben und die Einrichtungen wirken beruhigend, das bekommen wir Therapierenden immer wieder zu h\u00f6ren. Sie als Patienten k\u00f6nnen sich ganz auf Ihre Therapie konzentrieren. Rollenwahrnehmung und Werthaltung In meiner Praxis begegne ich Ihrer Pers\u00f6nlichkeit, ohne <a class=\"read-more\" href=\"https:\/\/temp.praxis-peter-weber.ch\/?page_id=217\">READ MORE<\/a><\/p>\n","protected":false},"author":1,"featured_media":0,"parent":0,"menu_order":0,"comment_status":"closed","ping_status":"closed","template":"template-gutenberg.php","meta":{"pgc_sgb_lightbox_settings":"","footnotes":""},"class_list":["post-217","page","type-page","status-publish","hentry"],"_links":{"self":[{"href":"https:\/\/temp.praxis-peter-weber.ch\/index.php?rest_route=\/wp\/v2\/pages\/217","targetHints":{"allow":["GET"]}}],"collection":[{"href":"https:\/\/temp.praxis-peter-weber.ch\/index.php?rest_route=\/wp\/v2\/pages"}],"about":[{"href":"https:\/\/temp.praxis-peter-weber.ch\/index.php?rest_route=\/wp\/v2\/types\/page"}],"author":[{"embeddable":true,"href":"https:\/\/temp.praxis-peter-weber.ch\/index.php?rest_route=\/wp\/v2\/users\/1"}],"replies":[{"embeddable":true,"href":"https:\/\/temp.praxis-peter-weber.ch\/index.php?rest_route=%2Fwp%2Fv2%2Fcomments&post=217"}],"version-history":[{"count":10,"href":"https:\/\/temp.praxis-peter-weber.ch\/index.php?rest_route=\/wp\/v2\/pages\/217\/revisions"}],"predecessor-version":[{"id":464,"href":"https:\/\/temp.praxis-peter-weber.ch\/index.php?rest_route=\/wp\/v2\/pages\/217\/revisions\/464"}],"wp:attachment":[{"href":"https:\/\/temp.praxis-peter-weber.ch\/index.php?rest_route=%2Fwp%2Fv2%2Fmedia&parent=217"}],"curies":[{"name":"wp","href":"https:\/\/api.w.org\/{rel}","templated":true}]}}