{"id":182,"date":"2023-03-23T06:14:56","date_gmt":"2023-03-23T06:14:56","guid":{"rendered":"https:\/\/temp.praxis-peter-weber.ch\/?page_id=182"},"modified":"2023-04-04T05:04:51","modified_gmt":"2023-04-04T05:04:51","slug":"portrait","status":"publish","type":"page","link":"https:\/\/temp.praxis-peter-weber.ch\/?page_id=182","title":{"rendered":"Portrait"},"content":{"rendered":"\n<div class=\"wp-block-media-text has-media-on-the-right is-stacked-on-mobile\" style=\"padding-top:0;padding-right:0;padding-bottom:0;padding-left:0;grid-template-columns:auto 30%\"><div class=\"wp-block-media-text__content\">\n<p><strong>Bei meiner Arbeit geht es um Sie, um den Moment in Ihrem Leben, in dem Sie stehen. Ihre Bed\u00fcrfnisse sind mein t\u00e4glicher Antrieb und meine Arbeit sehe ich als eine Zusammenarbeit mit Ihnen. Ich zeige M\u00f6glichkeiten auf, um Ihre Ziele zu erreichen. Die Umsetzung davon, liegt ganz bei Ihnen. In unserer Zusammenarbeit spiele ich als Mensch mit all meinen Facetten auch eine Rolle und deshalb ist es mir wichtig, dass wir uns verstehen und Sie sich jetzt schon ein Bild von mir machen k\u00f6nnen.<\/strong><\/p>\n\n\n\n<p>Ich bin ein in der Schweiz ausgebildeter Naturheilpraktiker mit eidgen\u00f6ssischem Diplom in Hom\u00f6opathie. Dazu kommen laufend neue diagnostische und therapeutische Verfahren und ich bin ausgestattet mit viel theoretischem und praktischem Wissen und K\u00f6nnen, das ich mir in vielen Stunden Studium und Praktikum angeeignet habe. Ich bin gleichzeitig auch ein nicht mehr ganz so junger Mensch, mitten im Leben stehend, mit einer eigenen, bewusst gelebten Geschichte. Es ist diese Kombination, die mich auszeichnet: Auf der einen Seite Jungspund voller Tatendrang, auf der anderen Seite erfahrener Begleiter in vielen Lebenslagen und Gesundheitszust\u00e4nden.<\/p>\n\n\n\n<p class=\"has-text-align-center has-text-color has-medium-font-size\" style=\"color:#8d9c71\">&#8222;<strong>Mein Wissen f\u00fcr Ihre Gesundheit und Ihr Wohlbefinden<\/strong>&#8222;<br><strong>ist ein Versprechen, das ich halte. Menschlich und fachlich.<\/strong><\/p>\n\n\n\n<p>Die t\u00e4gliche Arbeit in meiner Praxis lehrt mich immer wieder aufs Neue, die Herausforderungen des Lebens, die Natur der Krankheit und deren individueller Genesungsprozess zu erfahren und zu verstehen.<\/p>\n\n\n\n<p>Sie als Mensch stehen f\u00fcr mich im Mittelpunkt. Sie zu sehen, mit Ihrer Einzigartigkeit und all Ihren Facetten, Geschichten und Anliegen, ist mein Antrieb, t\u00e4glich aufs Neue in meine Praxis zu gehen und die Dankbarkeit zu sp\u00fcren, dass ich diesen Beruf f\u00fcr Sie aus\u00fcben darf.<\/p>\n\n\n\n<p>Ich habe mich ganz auf die Alternativmedizin eingestellt, und dennoch bin ich offen gegen\u00fcber anderen Praktiken. Und so arbeite ich erfolgreich mit der Schulmedizin zusammen, sei dies im Austausch mit Haus\u00e4rzten oder Spezialisten, mit Alters- und Pflegeheimen oder auch mit der onkologischen und palliativen Pflege im Mittleren T\u00f6sstal.<\/p>\n\n\n\n<p>Wenn Sie einen Termin w\u00fcnschen oder Fragen haben, freue ich mich auf Ihre Kontaktaufnahme. <br><br><strong>Peter Weber<\/strong><br>Naturheilpraktiker mit eidg. Diplom in Hom\u00f6opathie<\/p>\n<\/div><figure class=\"wp-block-media-text__media\"><img loading=\"lazy\" decoding=\"async\" width=\"956\" height=\"2560\" src=\"https:\/\/temp.praxis-peter-weber.ch\/wp-content\/uploads\/2023\/03\/Peter_2019-korrigiert-scaled.jpg\" alt=\"\" class=\"wp-image-183 size-full\" srcset=\"https:\/\/temp.praxis-peter-weber.ch\/wp-content\/uploads\/2023\/03\/Peter_2019-korrigiert-scaled.jpg 956w, https:\/\/temp.praxis-peter-weber.ch\/wp-content\/uploads\/2023\/03\/Peter_2019-korrigiert-112x300.jpg 112w, https:\/\/temp.praxis-peter-weber.ch\/wp-content\/uploads\/2023\/03\/Peter_2019-korrigiert-382x1024.jpg 382w, https:\/\/temp.praxis-peter-weber.ch\/wp-content\/uploads\/2023\/03\/Peter_2019-korrigiert-768x2057.jpg 768w, https:\/\/temp.praxis-peter-weber.ch\/wp-content\/uploads\/2023\/03\/Peter_2019-korrigiert-574x1536.jpg 574w, https:\/\/temp.praxis-peter-weber.ch\/wp-content\/uploads\/2023\/03\/Peter_2019-korrigiert-765x2048.jpg 765w\" sizes=\"auto, (max-width: 956px) 100vw, 956px\" \/><\/figure><\/div>\n\n\n\n<div style=\"height:100px\" aria-hidden=\"true\" class=\"wp-block-spacer\"><\/div>\n\n\n\n<h5 class=\"wp-block-heading\">Was ich Ihnen biete<\/h5>\n\n\n\n<p>So einzigartig und facettenreich wie Sie, so unterschiedlich sind Therapieangebote. Es ist nicht mein Anspruch, alles zu k\u00f6nnen. Mein Anspruch ist, was ich mache, gut zu machen. Und t\u00e4glich aufs Neue all meine Sinne offen zu halten, um neues zu erfahren und zu lernen und dieses Wissen in Ihre Therapie einfliessen zu lassen. Ich bin offen f\u00fcr jegliche Ihrer Anliegen, wof\u00fcr Sie meine Unterst\u00fctzung in Anspruch nehmen wollen.<\/p>\n\n\n\n<p>Ich nehme eine Einsch\u00e4tzung vor, die sicherstellt, dass mit alternativmedizinischen Methoden ohne Gesundheitsgef\u00e4hrdung wirksam gearbeitet werden kann und ich f\u00fchre Sie durch die verschiedenen Krankheits- und Lebensphasen.<\/p>\n\n\n\n<p>Ich begleite Sie auf Ihrem Genesungsprozess so lange, wie Sie es w\u00fcnschen und berate Sie dahingehend, dass Sie selbst an Ihrem Genesungsprozess arbeiten k\u00f6nnen, mit oder ohne begleitende, alternativmedizinische Produkte.<\/p>\n\n\n\n<p>Sehe ich die Notwendigkeit, Therapiemethoden anzuwenden, die ich selbst nicht anbiete, teile ich dies mit und wir schauen gemeinsam nach geeigneten M\u00f6glichkeiten. Dabei kann ich auf ein breit abgest\u00fctztes therapeutisches Netzwerk zur\u00fcckgreifen.<\/p>\n\n\n\n<p class=\"has-text-align-center has-text-color has-medium-font-size\" style=\"color:#8d9c71\"><strong>Von Pr\u00e4natal bis Postmortal &#8211; Ich bin offen f\u00fcr Ihre Anliegen.<\/strong><\/p>\n\n\n\n<p>Egal in welchem Alter Sie sind, welche Krankheit Sie haben oder welche Lebenssituation Sie besch\u00e4ftigt \u2013 jeder von uns kann in Situationen geraten, die er nicht selber bew\u00e4ltigen kann. Ob es sich um pr\u00e4natale Fragen, um Fragen im Zusammenhang mit dem Tod oder alles dazwischen handelt, ich stehe Ihnen gerne zur Verf\u00fcgung und unterst\u00fctze Sie nach bestem Wissen und Gewissen. Egal, welches Anliegen Sie haben und welche Unterst\u00fctzung Sie ben\u00f6tigen, ich bin offen und bereit, Ihnen zu helfen, sofern es im Rahmen meiner M\u00f6glichkeiten liegt.<\/p>\n\n\n\n<p class=\"has-text-align-center has-text-color has-medium-font-size\" style=\"color:#8d9c71\">&#8222;<strong>Vom Baby bis zur palliativen Begleitung,<\/strong><br><strong>von akuten bis zu chronischen F\u00e4llen,<\/strong><br><strong>von leichten bis zu schweren Pathologien.&#8220;<\/strong><br><strong>Gerade die Vielfalt ist es,<\/strong> <strong>die mich t\u00e4glich motiviert,<\/strong> <strong>diesen Beruf auszu\u00fcben.<\/strong><\/p>\n\n\n\n<div style=\"height:100px\" aria-hidden=\"true\" class=\"wp-block-spacer\"><\/div>\n\n\n\n<h5 class=\"wp-block-heading\">Therapeutisches Netzwerk<\/h5>\n\n\n\n<p>Um Sie optimal zu unterst\u00fctzen, habe ich ein Netzwerk von Fachkompetenzen verschiedener Disziplinen aufgebaut, das von meiner eigenen Gemeinschaftspraxis \u00fcber das STICKI Praxishaus bis hin zu regionalen und \u00fcberregionalen Kontakten zur Komplement\u00e4r-, Alternativ- und Schulmedizin, Geburtshilfen, Onkologie und Palliativmedizin sowie zu Apotheken und Drogerien reicht.<\/p>\n\n\n\n<p>Im STICKI Praxishaus tauschen wir uns regelm\u00e4ssig \u00fcber fachspezifische und administrative Themen aus. Wenn von Ihnen gew\u00fcnscht, tauschen wir Therapierenden uns \u00fcber Ihren Fall aus, um gemeinsam L\u00f6sungen zu entwickeln. Dies erweitert unseren Horizont und bringt f\u00fcr Sie wirkungsvolle Ans\u00e4tze zur Therapie. Ich arbeite eng mit den Haus\u00e4rzten der T\u00f6sstal Praxis in Turbenthal zusammen. Die Onkologie &amp; Palliative Care, OnPaC, in unserer Region zieht mich hinzu, wenn ihre Patientinnen und Patienten eine naturheilkundliche Begleitung w\u00fcnschen.<\/p>\n\n\n\n<div style=\"height:100px\" aria-hidden=\"true\" class=\"wp-block-spacer\"><\/div>\n\n\n\n<h5 class=\"wp-block-heading\">Aus- und Weiterbildungen<\/h5>\n\n\n\n<div class=\"wp-block-columns are-vertically-aligned-center is-layout-flex wp-container-core-columns-is-layout-9d6595d7 wp-block-columns-is-layout-flex\">\n<div class=\"wp-block-column is-vertically-aligned-center is-layout-flow wp-block-column-is-layout-flow\" style=\"flex-basis:100%\">\n<div class=\"wp-block-group\"><div class=\"wp-block-group__inner-container is-layout-constrained wp-block-group-is-layout-constrained\">\n<figure class=\"wp-block-table is-style-regular\"><table class=\"has-fixed-layout\"><thead><tr><th class=\"has-text-align-left\" data-align=\"left\">Ausbildung<\/th><th class=\"has-text-align-left\" data-align=\"left\">Zeitraum<\/th><th class=\"has-text-align-left\" data-align=\"left\">wo<\/th><\/tr><\/thead><tbody><tr><td class=\"has-text-align-left\" data-align=\"left\">Systemtherapeut IGT<\/td><td class=\"has-text-align-left\" data-align=\"left\">2010 &#8211; 2012<\/td><td class=\"has-text-align-left\" data-align=\"left\">Institut f\u00fcr ganzheitliche Therapie, W\u00e4ngi<\/td><\/tr><tr><td class=\"has-text-align-left\" data-align=\"left\">Hom\u00f6opathie<\/td><td class=\"has-text-align-left\" data-align=\"left\">2010 &#8211; 2015<\/td><td class=\"has-text-align-left\" data-align=\"left\">Samuel Hahnemann Schule, Aarau<\/td><\/tr><tr><td class=\"has-text-align-left\" data-align=\"left\">Medizin<\/td><td class=\"has-text-align-left\" data-align=\"left\">2011 &#8211; 2014<\/td><td class=\"has-text-align-left\" data-align=\"left\">Samuel Hahnemann Schule, Aarau<\/td><\/tr><tr><td class=\"has-text-align-left\" data-align=\"left\">Patho-Physiognomik<\/td><td class=\"has-text-align-left\" data-align=\"left\">2019 &#8211; 2020<\/td><td class=\"has-text-align-left\" data-align=\"left\">Olaf Esseiva, Solothurn<\/td><\/tr><tr><td class=\"has-text-align-left\" data-align=\"left\">Psycho-Physiognomik<\/td><td class=\"has-text-align-left\" data-align=\"left\">2020 &#8211; 2022<\/td><td class=\"has-text-align-left\" data-align=\"left\">Olaf Esseva, Solothurn<\/td><\/tr><\/tbody><\/table><\/figure>\n<\/div><\/div>\n<\/div>\n<\/div>\n","protected":false},"excerpt":{"rendered":"<p>Bei meiner Arbeit geht es um Sie, um den Moment in Ihrem Leben, in dem Sie stehen. Ihre Bed\u00fcrfnisse sind mein t\u00e4glicher Antrieb und meine Arbeit sehe ich als eine Zusammenarbeit mit Ihnen. Ich zeige M\u00f6glichkeiten auf, um Ihre Ziele zu erreichen. Die Umsetzung davon, liegt ganz bei Ihnen. In unserer Zusammenarbeit spiele ich als <a class=\"read-more\" href=\"https:\/\/temp.praxis-peter-weber.ch\/?page_id=182\">READ MORE<\/a><\/p>\n","protected":false},"author":1,"featured_media":0,"parent":0,"menu_order":0,"comment_status":"closed","ping_status":"closed","template":"template-gutenberg.php","meta":{"pgc_sgb_lightbox_settings":"","footnotes":""},"class_list":["post-182","page","type-page","status-publish","hentry"],"_links":{"self":[{"href":"https:\/\/temp.praxis-peter-weber.ch\/index.php?rest_route=\/wp\/v2\/pages\/182","targetHints":{"allow":["GET"]}}],"collection":[{"href":"https:\/\/temp.praxis-peter-weber.ch\/index.php?rest_route=\/wp\/v2\/pages"}],"about":[{"href":"https:\/\/temp.praxis-peter-weber.ch\/index.php?rest_route=\/wp\/v2\/types\/page"}],"author":[{"embeddable":true,"href":"https:\/\/temp.praxis-peter-weber.ch\/index.php?rest_route=\/wp\/v2\/users\/1"}],"replies":[{"embeddable":true,"href":"https:\/\/temp.praxis-peter-weber.ch\/index.php?rest_route=%2Fwp%2Fv2%2Fcomments&post=182"}],"version-history":[{"count":38,"href":"https:\/\/temp.praxis-peter-weber.ch\/index.php?rest_route=\/wp\/v2\/pages\/182\/revisions"}],"predecessor-version":[{"id":570,"href":"https:\/\/temp.praxis-peter-weber.ch\/index.php?rest_route=\/wp\/v2\/pages\/182\/revisions\/570"}],"wp:attachment":[{"href":"https:\/\/temp.praxis-peter-weber.ch\/index.php?rest_route=%2Fwp%2Fv2%2Fmedia&parent=182"}],"curies":[{"name":"wp","href":"https:\/\/api.w.org\/{rel}","templated":true}]}}