{"id":129,"date":"2023-03-22T14:54:49","date_gmt":"2023-03-22T14:54:49","guid":{"rendered":"https:\/\/temp.praxis-peter-weber.ch\/?page_id=129"},"modified":"2023-04-02T06:11:52","modified_gmt":"2023-04-02T06:11:52","slug":"aktuelles","status":"publish","type":"page","link":"https:\/\/temp.praxis-peter-weber.ch\/?page_id=129","title":{"rendered":"Aktuelles"},"content":{"rendered":"\n<div class=\"wp-block-media-text is-stacked-on-mobile is-vertically-aligned-top has-background\" style=\"background-color:#f5f5f5;padding-top:var(--wp--preset--spacing--60);padding-right:var(--wp--preset--spacing--60);padding-bottom:var(--wp--preset--spacing--60);padding-left:var(--wp--preset--spacing--60);grid-template-columns:35% auto\"><figure class=\"wp-block-media-text__media\"><img loading=\"lazy\" decoding=\"async\" width=\"1024\" height=\"575\" src=\"https:\/\/temp.praxis-peter-weber.ch\/wp-content\/uploads\/2023\/03\/sunset-4031253-1024x575.jpg\" alt=\"\" class=\"wp-image-205 size-full\" srcset=\"https:\/\/temp.praxis-peter-weber.ch\/wp-content\/uploads\/2023\/03\/sunset-4031253-1024x575.jpg 1024w, https:\/\/temp.praxis-peter-weber.ch\/wp-content\/uploads\/2023\/03\/sunset-4031253-300x169.jpg 300w, https:\/\/temp.praxis-peter-weber.ch\/wp-content\/uploads\/2023\/03\/sunset-4031253-768x432.jpg 768w, https:\/\/temp.praxis-peter-weber.ch\/wp-content\/uploads\/2023\/03\/sunset-4031253-1536x863.jpg 1536w, https:\/\/temp.praxis-peter-weber.ch\/wp-content\/uploads\/2023\/03\/sunset-4031253-2048x1151.jpg 2048w\" sizes=\"auto, (max-width: 1024px) 100vw, 1024px\" \/><\/figure><div class=\"wp-block-media-text__content\">\n<p><mark style=\"background-color:rgba(0, 0, 0, 0)\" class=\"has-inline-color has-vivid-red-color\"><strong>Referat<\/strong><\/mark><\/p>\n\n\n\n<p class=\"has-large-font-size\"><mark style=\"background-color:rgba(0, 0, 0, 0)\" class=\"has-inline-color has-black-color\"><strong>Braucht es Nahrungserg\u00e4nzungsmittel?<\/strong><\/mark><\/p>\n\n\n\n<figure class=\"wp-block-table\"><table><tbody><tr><td>Veranstalter<\/td><td>Kneipp Verein Domat\/Ems<\/td><\/tr><tr><td>Datum<\/td><td><strong><mark style=\"background-color:rgba(0, 0, 0, 0)\" class=\"has-inline-color has-vivid-red-color\">Mittwoch, 15. November<\/mark><\/strong><\/td><\/tr><tr><td>Zeit<\/td><td>19.00 \u2013 20.30 Uhr<\/td><\/tr><tr><td>Ort<\/td><td>Sentupada Domat\/Ems<\/td><\/tr><tr><td>Referent<\/td><td>Peter Weber, Turbenthal<\/td><\/tr><tr><td>Kosten<\/td><td>Mitglieder CHF 15.\u2013 \/ G\u00e4ste CHF 20.\u2013<\/td><\/tr><tr><td>Anmeldung<\/td><td><strong>M. Rischatsch<\/strong> Tel. 076 508 29 12 abends , <strong>E-Mail <\/strong>m.rischatsch@gmx.ch<\/td><\/tr><\/tbody><\/table><\/figure>\n\n\n\n<p><strong>\u00abSicher nicht, ich erhalte alles, was ich brauche, aus meiner Ern\u00e4hrung.\u00bb \u2013 \u00abNat\u00fcrlich braucht es Nahrungserg\u00e4nzungsmittel. Die heutigen Lebensmittel haben kaum mehr N\u00e4hrstoffe drin.\u00bb So oder \u00e4hnlich sehen Argumente f\u00fcr oder gegen Nahrungserg\u00e4nzungsmittel aus. Nur eine Antwort darauf zu geben, w\u00e4re zu einfach.<\/strong><\/p>\n\n\n\n<p>\u00abWas brauche ich, wenn ich gesund bin?\u00bb \u2013 \u00abWas brauche ich, wenn ich krank bin?\u00bb \u2013 \u00abWeshalb werde ich krank, wenn ich mich gesund ern\u00e4hre?\u00bb Fragen, auf die Peter Weber in seinem Referat eingehen wird.<\/p>\n\n\n\n<p>N\u00e4hrstoffe wie <strong>Vitamine, Mineralien, Spurenelemente, Aminos\u00e4uren und Fetts\u00e4uren<\/strong> sind f\u00fcr die Erhaltung des Organismus notwendig. <strong>Sie treten wie ein Orchester auf, welches nur gut klingt, wenn jeder einzelne Spieler seine ganze Aufmerksamkeit den anderen Mitspielern schenkt.<\/strong> \u00abWerfen wir gemeinsam einen Blick auf dieses Orchester und seine Spieler\u00bb.<\/p>\n\n\n\n<p>Notieren Sie sich das Datum in Ihrer Agenda. Freuen Sie sich auf ein spannendes und lehrreiches Referat und werfen Sie einen Blick \u00fcber den \u00abTellerrand mit frischen Zutaten\u00bb hinaus.<\/p>\n<\/div><\/div>\n\n\n\n<div class=\"wp-block-query is-layout-flow wp-block-query-is-layout-flow\"><ul class=\"wp-block-post-template is-layout-flow wp-block-post-template-is-layout-flow\"><li class=\"wp-block-post post-1 post type-post status-publish format-standard has-post-thumbnail hentry category-referate\">\n<h2 class=\"wp-block-post-title\"><a href=\"https:\/\/temp.praxis-peter-weber.ch\/?p=1\" target=\"_self\" >Braucht es Nahrungserg\u00e4nzungsmittel ?<\/a><\/h2>\n\n<figure class=\"alignwide wp-block-post-featured-image\"><a href=\"https:\/\/temp.praxis-peter-weber.ch\/?p=1\" target=\"_self\"  ><img loading=\"lazy\" decoding=\"async\" width=\"2560\" height=\"1439\" src=\"https:\/\/temp.praxis-peter-weber.ch\/wp-content\/uploads\/2023\/03\/sunset-4031253-scaled.jpg\" class=\"attachment-post-thumbnail size-post-thumbnail wp-post-image\" alt=\"Braucht es Nahrungserg\u00e4nzungsmittel ?\" style=\"object-fit:cover;\" srcset=\"https:\/\/temp.praxis-peter-weber.ch\/wp-content\/uploads\/2023\/03\/sunset-4031253-scaled.jpg 2560w, https:\/\/temp.praxis-peter-weber.ch\/wp-content\/uploads\/2023\/03\/sunset-4031253-300x169.jpg 300w, https:\/\/temp.praxis-peter-weber.ch\/wp-content\/uploads\/2023\/03\/sunset-4031253-1024x575.jpg 1024w, https:\/\/temp.praxis-peter-weber.ch\/wp-content\/uploads\/2023\/03\/sunset-4031253-768x432.jpg 768w, https:\/\/temp.praxis-peter-weber.ch\/wp-content\/uploads\/2023\/03\/sunset-4031253-1536x863.jpg 1536w, https:\/\/temp.praxis-peter-weber.ch\/wp-content\/uploads\/2023\/03\/sunset-4031253-2048x1151.jpg 2048w\" sizes=\"auto, (max-width: 2560px) 100vw, 2560px\" \/><\/a><\/figure>\n\n<div class=\"wp-block-post-excerpt\"><p class=\"wp-block-post-excerpt__excerpt\">\u00abSicher nicht, ich erhalte alles, was ich brauche, aus meiner Ern\u00e4hrung.\u00bb \u2013 \u00abNat\u00fcrlich braucht es Nahrungserg\u00e4nzungsmittel. Die heutigen Lebensmittel haben kaum mehr N\u00e4hrstoffe drin.\u00bb So oder \u00e4hnlich sehen Argumente f\u00fcr oder gegen Nahrungserg\u00e4nzungsmittel aus. Nur eine Antwort darauf zu geben, w\u00e4re zu einfach. <\/p><\/div>\n\n\n<hr class=\"wp-block-separator has-css-opacity\"\/>\n\n\n<div class=\"wp-block-post-date\"><time datetime=\"2023-03-21T21:24:18+00:00\">M\u00e4rz 21, 2023<\/time><\/div>\n<\/li><\/ul><\/div>\n","protected":false},"excerpt":{"rendered":"<p>Referat Braucht es Nahrungserg\u00e4nzungsmittel? Veranstalter Kneipp Verein Domat\/Ems Datum Mittwoch, 15. November Zeit 19.00 \u2013 20.30 Uhr Ort Sentupada Domat\/Ems Referent Peter Weber, Turbenthal Kosten Mitglieder CHF 15.\u2013 \/ G\u00e4ste CHF 20.\u2013 Anmeldung M. Rischatsch Tel. 076 508 29 12 abends , E-Mail m.rischatsch@gmx.ch \u00abSicher nicht, ich erhalte alles, was ich brauche, aus meiner Ern\u00e4hrung.\u00bb <a class=\"read-more\" href=\"https:\/\/temp.praxis-peter-weber.ch\/?page_id=129\">READ MORE<\/a><\/p>\n","protected":false},"author":1,"featured_media":0,"parent":0,"menu_order":0,"comment_status":"closed","ping_status":"closed","template":"template-gutenberg.php","meta":{"pgc_sgb_lightbox_settings":"","footnotes":""},"class_list":["post-129","page","type-page","status-publish","hentry"],"_links":{"self":[{"href":"https:\/\/temp.praxis-peter-weber.ch\/index.php?rest_route=\/wp\/v2\/pages\/129","targetHints":{"allow":["GET"]}}],"collection":[{"href":"https:\/\/temp.praxis-peter-weber.ch\/index.php?rest_route=\/wp\/v2\/pages"}],"about":[{"href":"https:\/\/temp.praxis-peter-weber.ch\/index.php?rest_route=\/wp\/v2\/types\/page"}],"author":[{"embeddable":true,"href":"https:\/\/temp.praxis-peter-weber.ch\/index.php?rest_route=\/wp\/v2\/users\/1"}],"replies":[{"embeddable":true,"href":"https:\/\/temp.praxis-peter-weber.ch\/index.php?rest_route=%2Fwp%2Fv2%2Fcomments&post=129"}],"version-history":[{"count":28,"href":"https:\/\/temp.praxis-peter-weber.ch\/index.php?rest_route=\/wp\/v2\/pages\/129\/revisions"}],"predecessor-version":[{"id":509,"href":"https:\/\/temp.praxis-peter-weber.ch\/index.php?rest_route=\/wp\/v2\/pages\/129\/revisions\/509"}],"wp:attachment":[{"href":"https:\/\/temp.praxis-peter-weber.ch\/index.php?rest_route=%2Fwp%2Fv2%2Fmedia&parent=129"}],"curies":[{"name":"wp","href":"https:\/\/api.w.org\/{rel}","templated":true}]}}